{"id":1194,"date":"2023-02-21T19:09:32","date_gmt":"2023-02-21T19:09:32","guid":{"rendered":"https:\/\/ercalgroup.org\/?page_id=1194"},"modified":"2023-02-21T20:06:28","modified_gmt":"2023-02-21T20:06:28","slug":"event-the-awakening-of-rare-diseases-in-latin-america","status":"publish","type":"page","link":"https:\/\/ercalgroup.org\/es\/event-the-awakening-of-rare-diseases-in-latin-america\/","title":{"rendered":"Event the awakening of rare diseases in Latin America"},"content":{"rendered":"<div data-elementor-type=\"wp-page\" data-elementor-id=\"1194\" class=\"elementor elementor-1194\" data-elementor-post-type=\"page\">\n\t\t\t\t\t\t<section class=\"elementor-section elementor-top-section elementor-element elementor-element-6858c0a elementor-section-full_width elementor-section-height-default elementor-section-height-default\" data-id=\"6858c0a\" data-element_type=\"section\" data-e-type=\"section\" data-settings=\"{&quot;background_background&quot;:&quot;classic&quot;}\">\n\t\t\t\t\t\t<div class=\"elementor-container elementor-column-gap-no\">\n\t\t\t\t\t<div class=\"elementor-column elementor-col-100 elementor-top-column elementor-element elementor-element-4bd34af\" data-id=\"4bd34af\" data-element_type=\"column\" data-e-type=\"column\" data-settings=\"{&quot;background_background&quot;:&quot;classic&quot;}\">\n\t\t\t<div class=\"elementor-widget-wrap elementor-element-populated\">\n\t\t\t\t\t\t<div class=\"elementor-element elementor-element-563f56e elementor-widget elementor-widget-image\" data-id=\"563f56e\" data-element_type=\"widget\" data-e-type=\"widget\" data-widget_type=\"image.default\">\n\t\t\t\t<div class=\"elementor-widget-container\">\n\t\t\t\t\t\t\t\t\t\t\t\t\t\t\t<img fetchpriority=\"high\" decoding=\"async\" width=\"1918\" height=\"600\" src=\"https:\/\/ercalgroup.org\/wp-content\/uploads\/2023\/02\/Events.jpg\" class=\"attachment-full size-full wp-image-1229\" alt=\"\" srcset=\"https:\/\/ercalgroup.org\/wp-content\/uploads\/2023\/02\/Events.jpg 1918w, https:\/\/ercalgroup.org\/wp-content\/uploads\/2023\/02\/Events-300x94.jpg 300w, https:\/\/ercalgroup.org\/wp-content\/uploads\/2023\/02\/Events-1024x320.jpg 1024w, https:\/\/ercalgroup.org\/wp-content\/uploads\/2023\/02\/Events-768x240.jpg 768w, https:\/\/ercalgroup.org\/wp-content\/uploads\/2023\/02\/Events-1536x481.jpg 1536w, https:\/\/ercalgroup.org\/wp-content\/uploads\/2023\/02\/Events-18x6.jpg 18w\" sizes=\"(max-width: 1918px) 100vw, 1918px\" \/>\t\t\t\t\t\t\t\t\t\t\t\t\t\t\t<\/div>\n\t\t\t\t<\/div>\n\t\t\t\t<div class=\"elementor-element elementor-element-6085fcf elementor-widget__width-auto elementor-absolute animated-slow elementor-invisible elementor-widget elementor-widget-image\" data-id=\"6085fcf\" data-element_type=\"widget\" data-e-type=\"widget\" data-settings=\"{&quot;_position&quot;:&quot;absolute&quot;,&quot;_animation&quot;:&quot;fadeIn&quot;,&quot;_animation_delay&quot;:300}\" data-widget_type=\"image.default\">\n\t\t\t\t<div class=\"elementor-widget-container\">\n\t\t\t\t\t\t\t\t\t\t\t\t\t\t\t<img decoding=\"async\" width=\"454\" height=\"212\" src=\"https:\/\/ercalgroup.org\/wp-content\/uploads\/2022\/01\/Recurso-14ico.png\" class=\"attachment-large size-large wp-image-155\" alt=\"\" srcset=\"https:\/\/ercalgroup.org\/wp-content\/uploads\/2022\/01\/Recurso-14ico.png 454w, https:\/\/ercalgroup.org\/wp-content\/uploads\/2022\/01\/Recurso-14ico-300x140.png 300w\" sizes=\"(max-width: 454px) 100vw, 454px\" \/>\t\t\t\t\t\t\t\t\t\t\t\t\t\t\t<\/div>\n\t\t\t\t<\/div>\n\t\t\t\t<div class=\"elementor-element elementor-element-9896ac4 elementor-widget__width-auto elementor-absolute animated-slow elementor-invisible elementor-widget elementor-widget-image\" data-id=\"9896ac4\" data-element_type=\"widget\" data-e-type=\"widget\" data-settings=\"{&quot;_position&quot;:&quot;absolute&quot;,&quot;_animation&quot;:&quot;fadeIn&quot;,&quot;_animation_delay&quot;:300}\" data-widget_type=\"image.default\">\n\t\t\t\t<div class=\"elementor-widget-container\">\n\t\t\t\t\t\t\t\t\t\t\t\t\t\t\t<img decoding=\"async\" width=\"528\" height=\"419\" src=\"https:\/\/ercalgroup.org\/wp-content\/uploads\/2022\/01\/Recurso-13ico.png\" class=\"attachment-large size-large wp-image-154\" alt=\"\" srcset=\"https:\/\/ercalgroup.org\/wp-content\/uploads\/2022\/01\/Recurso-13ico.png 528w, https:\/\/ercalgroup.org\/wp-content\/uploads\/2022\/01\/Recurso-13ico-300x238.png 300w\" sizes=\"(max-width: 528px) 100vw, 528px\" \/>\t\t\t\t\t\t\t\t\t\t\t\t\t\t\t<\/div>\n\t\t\t\t<\/div>\n\t\t\t\t\t<\/div>\n\t\t<\/div>\n\t\t\t\t\t<\/div>\n\t\t<\/section>\n\t\t\t\t<section class=\"elementor-section elementor-top-section elementor-element elementor-element-4d8d278 elementor-section-boxed elementor-section-height-default elementor-section-height-default\" data-id=\"4d8d278\" data-element_type=\"section\" data-e-type=\"section\">\n\t\t\t\t\t\t<div class=\"elementor-container elementor-column-gap-default\">\n\t\t\t\t\t<div class=\"elementor-column elementor-col-100 elementor-top-column elementor-element elementor-element-aa11355\" data-id=\"aa11355\" data-element_type=\"column\" data-e-type=\"column\">\n\t\t\t<div class=\"elementor-widget-wrap elementor-element-populated\">\n\t\t\t\t\t\t<div class=\"elementor-element elementor-element-bcdc6ac elementor-widget elementor-widget-heading\" data-id=\"bcdc6ac\" data-element_type=\"widget\" data-e-type=\"widget\" data-widget_type=\"heading.default\">\n\t\t\t\t<div class=\"elementor-widget-container\">\n\t\t\t\t\t<h2 class=\"elementor-heading-title elementor-size-default\">El despertar de las enfermedades raras en Am\u00e9rica Latina\n<\/h2>\t\t\t\t<\/div>\n\t\t\t\t<\/div>\n\t\t\t\t\t<\/div>\n\t\t<\/div>\n\t\t\t\t\t<\/div>\n\t\t<\/section>\n\t\t\t\t<section class=\"elementor-section elementor-top-section elementor-element elementor-element-8b34a3a elementor-section-boxed elementor-section-height-default elementor-section-height-default\" data-id=\"8b34a3a\" data-element_type=\"section\" data-e-type=\"section\">\n\t\t\t\t\t\t<div class=\"elementor-container elementor-column-gap-default\">\n\t\t\t\t\t<div class=\"elementor-column elementor-col-16 elementor-top-column elementor-element elementor-element-a4a3900\" data-id=\"a4a3900\" data-element_type=\"column\" data-e-type=\"column\">\n\t\t\t<div class=\"elementor-widget-wrap\">\n\t\t\t\t\t\t\t<\/div>\n\t\t<\/div>\n\t\t\t\t<div class=\"elementor-column elementor-col-66 elementor-top-column elementor-element elementor-element-7f5491b\" data-id=\"7f5491b\" data-element_type=\"column\" data-e-type=\"column\">\n\t\t\t<div class=\"elementor-widget-wrap elementor-element-populated\">\n\t\t\t\t\t\t<div class=\"elementor-element elementor-element-d1fda65 elementor-widget elementor-widget-text-editor\" data-id=\"d1fda65\" data-element_type=\"widget\" data-e-type=\"widget\" data-widget_type=\"text-editor.default\">\n\t\t\t\t<div class=\"elementor-widget-container\">\n\t\t\t\t\t\t\t\t\t<p><span style=\"font-weight: 400;\">Con el fin de destacar la importancia del diagn\u00f3stico y el tratamiento temprano de las enfermedades raras en Am\u00e9rica Latina y los desaf\u00edos pol\u00edticos que enfrentan los responsables de la formulaci\u00f3n de pol\u00edticas que buscan responder a esta necesidad, el Wilson Center y la Americas Health Foundation (AHF) convocaron a un panel de expertos el 9 de agosto a las 10 am ET v\u00eda Zoom.<\/span><\/p>\t\t\t\t\t\t\t\t<\/div>\n\t\t\t\t<\/div>\n\t\t\t\t\t<\/div>\n\t\t<\/div>\n\t\t\t\t<div class=\"elementor-column elementor-col-16 elementor-top-column elementor-element elementor-element-93d5daa\" data-id=\"93d5daa\" data-element_type=\"column\" data-e-type=\"column\">\n\t\t\t<div class=\"elementor-widget-wrap\">\n\t\t\t\t\t\t\t<\/div>\n\t\t<\/div>\n\t\t\t\t\t<\/div>\n\t\t<\/section>\n\t\t\t\t<section class=\"elementor-section elementor-top-section elementor-element elementor-element-0641ed9 elementor-section-boxed elementor-section-height-default elementor-section-height-default\" data-id=\"0641ed9\" data-element_type=\"section\" data-e-type=\"section\">\n\t\t\t\t\t\t<div class=\"elementor-container elementor-column-gap-default\">\n\t\t\t\t\t<div class=\"elementor-column elementor-col-25 elementor-top-column elementor-element elementor-element-63a14f6\" data-id=\"63a14f6\" data-element_type=\"column\" data-e-type=\"column\">\n\t\t\t<div class=\"elementor-widget-wrap\">\n\t\t\t\t\t\t\t<\/div>\n\t\t<\/div>\n\t\t\t\t<div class=\"elementor-column elementor-col-50 elementor-top-column elementor-element elementor-element-c77c911\" data-id=\"c77c911\" data-element_type=\"column\" data-e-type=\"column\">\n\t\t\t<div class=\"elementor-widget-wrap elementor-element-populated\">\n\t\t\t\t\t\t<div class=\"elementor-element elementor-element-fdfc3f1 elementor-widget elementor-widget-video\" data-id=\"fdfc3f1\" data-element_type=\"widget\" data-e-type=\"widget\" data-settings=\"{&quot;youtube_url&quot;:&quot;https:\\\/\\\/www.youtube.com\\\/watch?v=WH3JZdhWmqI&quot;,&quot;video_type&quot;:&quot;youtube&quot;,&quot;controls&quot;:&quot;yes&quot;}\" data-widget_type=\"video.default\">\n\t\t\t\t<div class=\"elementor-widget-container\">\n\t\t\t\t\t\t\t<div class=\"elementor-wrapper elementor-open-inline\">\n\t\t\t<div class=\"elementor-video\"><\/div>\t\t<\/div>\n\t\t\t\t\t\t<\/div>\n\t\t\t\t<\/div>\n\t\t\t\t\t<\/div>\n\t\t<\/div>\n\t\t\t\t<div class=\"elementor-column elementor-col-25 elementor-top-column elementor-element elementor-element-9eb215a\" data-id=\"9eb215a\" data-element_type=\"column\" data-e-type=\"column\">\n\t\t\t<div class=\"elementor-widget-wrap\">\n\t\t\t\t\t\t\t<\/div>\n\t\t<\/div>\n\t\t\t\t\t<\/div>\n\t\t<\/section>\n\t\t\t\t<section class=\"elementor-section elementor-top-section elementor-element elementor-element-059888b elementor-section-boxed elementor-section-height-default elementor-section-height-default\" data-id=\"059888b\" data-element_type=\"section\" data-e-type=\"section\">\n\t\t\t\t\t\t<div class=\"elementor-container elementor-column-gap-default\">\n\t\t\t\t\t<div class=\"elementor-column elementor-col-25 elementor-top-column elementor-element elementor-element-3f5b053\" data-id=\"3f5b053\" data-element_type=\"column\" data-e-type=\"column\">\n\t\t\t<div class=\"elementor-widget-wrap\">\n\t\t\t\t\t\t\t<\/div>\n\t\t<\/div>\n\t\t\t\t<div class=\"elementor-column elementor-col-25 elementor-top-column elementor-element elementor-element-3bdbcd5\" data-id=\"3bdbcd5\" data-element_type=\"column\" data-e-type=\"column\">\n\t\t\t<div class=\"elementor-widget-wrap elementor-element-populated\">\n\t\t\t\t\t\t<div class=\"elementor-element elementor-element-1db3705 elementor-widget elementor-widget-image\" data-id=\"1db3705\" data-element_type=\"widget\" data-e-type=\"widget\" data-widget_type=\"image.default\">\n\t\t\t\t<div class=\"elementor-widget-container\">\n\t\t\t\t\t\t\t\t\t\t\t\t\t\t\t<img loading=\"lazy\" decoding=\"async\" width=\"300\" height=\"235\" src=\"https:\/\/ercalgroup.org\/wp-content\/uploads\/2022\/09\/Captura-de-pantalla-2022-09-07-a-las-7.25.23-a.m..png\" class=\"attachment-large size-large wp-image-1144\" alt=\"\" srcset=\"https:\/\/ercalgroup.org\/wp-content\/uploads\/2022\/09\/Captura-de-pantalla-2022-09-07-a-las-7.25.23-a.m..png 300w, https:\/\/ercalgroup.org\/wp-content\/uploads\/2022\/09\/Captura-de-pantalla-2022-09-07-a-las-7.25.23-a.m.-15x12.png 15w\" sizes=\"(max-width: 300px) 100vw, 300px\" \/>\t\t\t\t\t\t\t\t\t\t\t\t\t\t\t<\/div>\n\t\t\t\t<\/div>\n\t\t\t\t\t<\/div>\n\t\t<\/div>\n\t\t\t\t<div class=\"elementor-column elementor-col-25 elementor-top-column elementor-element elementor-element-c3dfc24\" data-id=\"c3dfc24\" data-element_type=\"column\" data-e-type=\"column\">\n\t\t\t<div class=\"elementor-widget-wrap elementor-element-populated\">\n\t\t\t\t\t\t<div class=\"elementor-element elementor-element-cd5cdcf elementor-widget elementor-widget-image\" data-id=\"cd5cdcf\" data-element_type=\"widget\" data-e-type=\"widget\" data-widget_type=\"image.default\">\n\t\t\t\t<div class=\"elementor-widget-container\">\n\t\t\t\t\t\t\t\t\t\t\t\t\t\t\t<img loading=\"lazy\" decoding=\"async\" width=\"287\" height=\"193\" src=\"https:\/\/ercalgroup.org\/wp-content\/uploads\/2022\/09\/Captura-de-pantalla-2022-09-07-a-las-7.25.15-a.m..png\" class=\"attachment-large size-large wp-image-1143\" alt=\"\" srcset=\"https:\/\/ercalgroup.org\/wp-content\/uploads\/2022\/09\/Captura-de-pantalla-2022-09-07-a-las-7.25.15-a.m..png 287w, https:\/\/ercalgroup.org\/wp-content\/uploads\/2022\/09\/Captura-de-pantalla-2022-09-07-a-las-7.25.15-a.m.-18x12.png 18w\" sizes=\"(max-width: 287px) 100vw, 287px\" \/>\t\t\t\t\t\t\t\t\t\t\t\t\t\t\t<\/div>\n\t\t\t\t<\/div>\n\t\t\t\t\t<\/div>\n\t\t<\/div>\n\t\t\t\t<div class=\"elementor-column elementor-col-25 elementor-top-column elementor-element elementor-element-7163279\" data-id=\"7163279\" data-element_type=\"column\" data-e-type=\"column\">\n\t\t\t<div class=\"elementor-widget-wrap\">\n\t\t\t\t\t\t\t<\/div>\n\t\t<\/div>\n\t\t\t\t\t<\/div>\n\t\t<\/section>\n\t\t\t\t<section class=\"elementor-section elementor-top-section elementor-element elementor-element-82ee48c elementor-section-boxed elementor-section-height-default elementor-section-height-default\" data-id=\"82ee48c\" data-element_type=\"section\" data-e-type=\"section\">\n\t\t\t\t\t\t<div class=\"elementor-container elementor-column-gap-default\">\n\t\t\t\t\t<div class=\"elementor-column elementor-col-66 elementor-top-column elementor-element elementor-element-e024709\" data-id=\"e024709\" data-element_type=\"column\" data-e-type=\"column\">\n\t\t\t<div class=\"elementor-widget-wrap elementor-element-populated\">\n\t\t\t\t\t\t<div class=\"elementor-element elementor-element-f89849b elementor-widget elementor-widget-image\" data-id=\"f89849b\" data-element_type=\"widget\" data-e-type=\"widget\" data-widget_type=\"image.default\">\n\t\t\t\t<div class=\"elementor-widget-container\">\n\t\t\t\t\t\t\t\t\t\t\t\t\t\t\t<img loading=\"lazy\" decoding=\"async\" width=\"845\" height=\"203\" src=\"https:\/\/ercalgroup.org\/wp-content\/uploads\/2022\/09\/Captura-de-pantalla-2022-09-07-a-las-7.24.55-a.m..png\" class=\"attachment-large size-large wp-image-1141\" alt=\"\" srcset=\"https:\/\/ercalgroup.org\/wp-content\/uploads\/2022\/09\/Captura-de-pantalla-2022-09-07-a-las-7.24.55-a.m..png 845w, https:\/\/ercalgroup.org\/wp-content\/uploads\/2022\/09\/Captura-de-pantalla-2022-09-07-a-las-7.24.55-a.m.-300x72.png 300w, https:\/\/ercalgroup.org\/wp-content\/uploads\/2022\/09\/Captura-de-pantalla-2022-09-07-a-las-7.24.55-a.m.-768x185.png 768w, https:\/\/ercalgroup.org\/wp-content\/uploads\/2022\/09\/Captura-de-pantalla-2022-09-07-a-las-7.24.55-a.m.-18x4.png 18w\" sizes=\"(max-width: 845px) 100vw, 845px\" \/>\t\t\t\t\t\t\t\t\t\t\t\t\t\t\t<\/div>\n\t\t\t\t<\/div>\n\t\t\t\t\t<\/div>\n\t\t<\/div>\n\t\t\t\t<div class=\"elementor-column elementor-col-33 elementor-top-column elementor-element elementor-element-0da8a70\" data-id=\"0da8a70\" data-element_type=\"column\" data-e-type=\"column\">\n\t\t\t<div class=\"elementor-widget-wrap elementor-element-populated\">\n\t\t\t\t\t\t<div class=\"elementor-element elementor-element-e46386d elementor-widget elementor-widget-image\" data-id=\"e46386d\" data-element_type=\"widget\" data-e-type=\"widget\" data-widget_type=\"image.default\">\n\t\t\t\t<div class=\"elementor-widget-container\">\n\t\t\t\t\t\t\t\t\t\t\t\t\t\t\t<img loading=\"lazy\" decoding=\"async\" width=\"464\" height=\"277\" src=\"https:\/\/ercalgroup.org\/wp-content\/uploads\/2022\/09\/Captura-de-pantalla-2022-09-07-a-las-7.25.04-a.m..png\" class=\"attachment-large size-large wp-image-1142\" alt=\"\" srcset=\"https:\/\/ercalgroup.org\/wp-content\/uploads\/2022\/09\/Captura-de-pantalla-2022-09-07-a-las-7.25.04-a.m..png 464w, https:\/\/ercalgroup.org\/wp-content\/uploads\/2022\/09\/Captura-de-pantalla-2022-09-07-a-las-7.25.04-a.m.-300x179.png 300w, https:\/\/ercalgroup.org\/wp-content\/uploads\/2022\/09\/Captura-de-pantalla-2022-09-07-a-las-7.25.04-a.m.-18x12.png 18w\" sizes=\"(max-width: 464px) 100vw, 464px\" \/>\t\t\t\t\t\t\t\t\t\t\t\t\t\t\t<\/div>\n\t\t\t\t<\/div>\n\t\t\t\t\t<\/div>\n\t\t<\/div>\n\t\t\t\t\t<\/div>\n\t\t<\/section>\n\t\t\t\t<section class=\"elementor-section elementor-top-section elementor-element elementor-element-7805710 elementor-section-boxed elementor-section-height-default elementor-section-height-default\" data-id=\"7805710\" data-element_type=\"section\" data-e-type=\"section\">\n\t\t\t\t\t\t<div class=\"elementor-container elementor-column-gap-default\">\n\t\t\t\t\t<div class=\"elementor-column elementor-col-100 elementor-top-column elementor-element elementor-element-fb39a59\" data-id=\"fb39a59\" data-element_type=\"column\" data-e-type=\"column\">\n\t\t\t<div class=\"elementor-widget-wrap elementor-element-populated\">\n\t\t\t\t\t\t<div class=\"elementor-element elementor-element-dbd4f58 elementor-widget-divider--view-line elementor-widget elementor-widget-divider\" data-id=\"dbd4f58\" data-element_type=\"widget\" data-e-type=\"widget\" data-widget_type=\"divider.default\">\n\t\t\t\t<div class=\"elementor-widget-container\">\n\t\t\t\t\t\t\t<div class=\"elementor-divider\">\n\t\t\t<span class=\"elementor-divider-separator\">\n\t\t\t\t\t\t<\/span>\n\t\t<\/div>\n\t\t\t\t\t\t<\/div>\n\t\t\t\t<\/div>\n\t\t\t\t\t<\/div>\n\t\t<\/div>\n\t\t\t\t\t<\/div>\n\t\t<\/section>\n\t\t\t\t<\/div>","protected":false},"excerpt":{"rendered":"<p>Event The Awakening of Rare Diseases in Latin America In order to highlight the importance of early diagnosis and treatment of rare diseases in Latin America and the policy challenges facing policymakers seeking to respond to this need, the Wilson Center and the Americas Health Foundation (AHF) convened an expert panel on August 9th at [&hellip;]<\/p>\n","protected":false},"author":1,"featured_media":0,"parent":0,"menu_order":0,"comment_status":"closed","ping_status":"closed","template":"","meta":{"site-sidebar-layout":"no-sidebar","site-content-layout":"page-builder","ast-site-content-layout":"default","site-content-style":"default","site-sidebar-style":"default","ast-global-header-display":"","ast-banner-title-visibility":"","ast-main-header-display":"","ast-hfb-above-header-display":"","ast-hfb-below-header-display":"","ast-hfb-mobile-header-display":"","site-post-title":"disabled","ast-breadcrumbs-content":"","ast-featured-img":"disabled","footer-sml-layout":"","ast-disable-related-posts":"","theme-transparent-header-meta":"default","adv-header-id-meta":"","stick-header-meta":"","header-above-stick-meta":"","header-main-stick-meta":"","header-below-stick-meta":"","astra-migrate-meta-layouts":"default","ast-page-background-enabled":"default","ast-page-background-meta":{"desktop":{"background-color":"var(--ast-global-color-4)","background-image":"","background-repeat":"repeat","background-position":"center center","background-size":"auto","background-attachment":"scroll","background-type":"","background-media":"","overlay-type":"","overlay-color":"","overlay-opacity":"","overlay-gradient":""},"tablet":{"background-color":"","background-image":"","background-repeat":"repeat","background-position":"center center","background-size":"auto","background-attachment":"scroll","background-type":"","background-media":"","overlay-type":"","overlay-color":"","overlay-opacity":"","overlay-gradient":""},"mobile":{"background-color":"","background-image":"","background-repeat":"repeat","background-position":"center center","background-size":"auto","background-attachment":"scroll","background-type":"","background-media":"","overlay-type":"","overlay-color":"","overlay-opacity":"","overlay-gradient":""}},"ast-content-background-meta":{"desktop":{"background-color":"var(--ast-global-color-5)","background-image":"","background-repeat":"repeat","background-position":"center center","background-size":"auto","background-attachment":"scroll","background-type":"","background-media":"","overlay-type":"","overlay-color":"","overlay-opacity":"","overlay-gradient":""},"tablet":{"background-color":"var(--ast-global-color-5)","background-image":"","background-repeat":"repeat","background-position":"center center","background-size":"auto","background-attachment":"scroll","background-type":"","background-media":"","overlay-type":"","overlay-color":"","overlay-opacity":"","overlay-gradient":""},"mobile":{"background-color":"var(--ast-global-color-5)","background-image":"","background-repeat":"repeat","background-position":"center center","background-size":"auto","background-attachment":"scroll","background-type":"","background-media":"","overlay-type":"","overlay-color":"","overlay-opacity":"","overlay-gradient":""}},"footnotes":""},"class_list":["post-1194","page","type-page","status-publish","hentry"],"_links":{"self":[{"href":"https:\/\/ercalgroup.org\/es\/wp-json\/wp\/v2\/pages\/1194","targetHints":{"allow":["GET"]}}],"collection":[{"href":"https:\/\/ercalgroup.org\/es\/wp-json\/wp\/v2\/pages"}],"about":[{"href":"https:\/\/ercalgroup.org\/es\/wp-json\/wp\/v2\/types\/page"}],"author":[{"embeddable":true,"href":"https:\/\/ercalgroup.org\/es\/wp-json\/wp\/v2\/users\/1"}],"replies":[{"embeddable":true,"href":"https:\/\/ercalgroup.org\/es\/wp-json\/wp\/v2\/comments?post=1194"}],"version-history":[{"count":0,"href":"https:\/\/ercalgroup.org\/es\/wp-json\/wp\/v2\/pages\/1194\/revisions"}],"wp:attachment":[{"href":"https:\/\/ercalgroup.org\/es\/wp-json\/wp\/v2\/media?parent=1194"}],"curies":[{"name":"wp","href":"https:\/\/api.w.org\/{rel}","templated":true}]}}