{"id":1199,"date":"2023-02-21T19:12:56","date_gmt":"2023-02-21T19:12:56","guid":{"rendered":"https:\/\/ercalgroup.org\/?page_id=1199"},"modified":"2023-02-21T20:07:17","modified_gmt":"2023-02-21T20:07:17","slug":"regional-meeting","status":"publish","type":"page","link":"https:\/\/ercalgroup.org\/es\/regional-meeting\/","title":{"rendered":"Regional meeting"},"content":{"rendered":"<div data-elementor-type=\"wp-page\" data-elementor-id=\"1199\" class=\"elementor elementor-1199\" data-elementor-post-type=\"page\">\n\t\t\t\t\t\t<section class=\"elementor-section elementor-top-section elementor-element elementor-element-6858c0a elementor-section-full_width elementor-section-height-default elementor-section-height-default\" data-id=\"6858c0a\" data-element_type=\"section\" data-e-type=\"section\" data-settings=\"{&quot;background_background&quot;:&quot;classic&quot;}\">\n\t\t\t\t\t\t<div class=\"elementor-container elementor-column-gap-no\">\n\t\t\t\t\t<div class=\"elementor-column elementor-col-100 elementor-top-column elementor-element elementor-element-4bd34af\" data-id=\"4bd34af\" data-element_type=\"column\" data-e-type=\"column\" data-settings=\"{&quot;background_background&quot;:&quot;classic&quot;}\">\n\t\t\t<div class=\"elementor-widget-wrap elementor-element-populated\">\n\t\t\t\t\t\t<div class=\"elementor-element elementor-element-563f56e elementor-widget elementor-widget-image\" data-id=\"563f56e\" data-element_type=\"widget\" data-e-type=\"widget\" data-widget_type=\"image.default\">\n\t\t\t\t<div class=\"elementor-widget-container\">\n\t\t\t\t\t\t\t\t\t\t\t\t\t\t\t<img fetchpriority=\"high\" decoding=\"async\" width=\"1918\" height=\"600\" src=\"https:\/\/ercalgroup.org\/wp-content\/uploads\/2023\/02\/Events.jpg\" class=\"attachment-full size-full wp-image-1229\" alt=\"\" srcset=\"https:\/\/ercalgroup.org\/wp-content\/uploads\/2023\/02\/Events.jpg 1918w, https:\/\/ercalgroup.org\/wp-content\/uploads\/2023\/02\/Events-300x94.jpg 300w, https:\/\/ercalgroup.org\/wp-content\/uploads\/2023\/02\/Events-1024x320.jpg 1024w, https:\/\/ercalgroup.org\/wp-content\/uploads\/2023\/02\/Events-768x240.jpg 768w, https:\/\/ercalgroup.org\/wp-content\/uploads\/2023\/02\/Events-1536x481.jpg 1536w, https:\/\/ercalgroup.org\/wp-content\/uploads\/2023\/02\/Events-18x6.jpg 18w\" sizes=\"(max-width: 1918px) 100vw, 1918px\" \/>\t\t\t\t\t\t\t\t\t\t\t\t\t\t\t<\/div>\n\t\t\t\t<\/div>\n\t\t\t\t<div class=\"elementor-element elementor-element-6085fcf elementor-widget__width-auto elementor-absolute animated-slow elementor-invisible elementor-widget elementor-widget-image\" data-id=\"6085fcf\" data-element_type=\"widget\" data-e-type=\"widget\" data-settings=\"{&quot;_position&quot;:&quot;absolute&quot;,&quot;_animation&quot;:&quot;fadeIn&quot;,&quot;_animation_delay&quot;:300}\" data-widget_type=\"image.default\">\n\t\t\t\t<div class=\"elementor-widget-container\">\n\t\t\t\t\t\t\t\t\t\t\t\t\t\t\t<img decoding=\"async\" width=\"454\" height=\"212\" src=\"https:\/\/ercalgroup.org\/wp-content\/uploads\/2022\/01\/Recurso-14ico.png\" class=\"attachment-large size-large wp-image-155\" alt=\"\" srcset=\"https:\/\/ercalgroup.org\/wp-content\/uploads\/2022\/01\/Recurso-14ico.png 454w, https:\/\/ercalgroup.org\/wp-content\/uploads\/2022\/01\/Recurso-14ico-300x140.png 300w\" sizes=\"(max-width: 454px) 100vw, 454px\" \/>\t\t\t\t\t\t\t\t\t\t\t\t\t\t\t<\/div>\n\t\t\t\t<\/div>\n\t\t\t\t<div class=\"elementor-element elementor-element-9896ac4 elementor-widget__width-auto elementor-absolute animated-slow elementor-invisible elementor-widget elementor-widget-image\" data-id=\"9896ac4\" data-element_type=\"widget\" data-e-type=\"widget\" data-settings=\"{&quot;_position&quot;:&quot;absolute&quot;,&quot;_animation&quot;:&quot;fadeIn&quot;,&quot;_animation_delay&quot;:300}\" data-widget_type=\"image.default\">\n\t\t\t\t<div class=\"elementor-widget-container\">\n\t\t\t\t\t\t\t\t\t\t\t\t\t\t\t<img decoding=\"async\" width=\"528\" height=\"419\" src=\"https:\/\/ercalgroup.org\/wp-content\/uploads\/2022\/01\/Recurso-13ico.png\" class=\"attachment-large size-large wp-image-154\" alt=\"\" srcset=\"https:\/\/ercalgroup.org\/wp-content\/uploads\/2022\/01\/Recurso-13ico.png 528w, https:\/\/ercalgroup.org\/wp-content\/uploads\/2022\/01\/Recurso-13ico-300x238.png 300w\" sizes=\"(max-width: 528px) 100vw, 528px\" \/>\t\t\t\t\t\t\t\t\t\t\t\t\t\t\t<\/div>\n\t\t\t\t<\/div>\n\t\t\t\t\t<\/div>\n\t\t<\/div>\n\t\t\t\t\t<\/div>\n\t\t<\/section>\n\t\t\t\t<section class=\"elementor-section elementor-top-section elementor-element elementor-element-24c90ef elementor-section-boxed elementor-section-height-default elementor-section-height-default\" data-id=\"24c90ef\" data-element_type=\"section\" data-e-type=\"section\">\n\t\t\t\t\t\t<div class=\"elementor-container elementor-column-gap-default\">\n\t\t\t\t\t<div class=\"elementor-column elementor-col-100 elementor-top-column elementor-element elementor-element-86b77d9\" data-id=\"86b77d9\" data-element_type=\"column\" data-e-type=\"column\">\n\t\t\t<div class=\"elementor-widget-wrap elementor-element-populated\">\n\t\t\t\t\t\t<div class=\"elementor-element elementor-element-eccc3e1 elementor-widget elementor-widget-heading\" data-id=\"eccc3e1\" data-element_type=\"widget\" data-e-type=\"widget\" data-widget_type=\"heading.default\">\n\t\t\t\t<div class=\"elementor-widget-container\">\n\t\t\t\t\t<h2 class=\"elementor-heading-title elementor-size-default\">Reuni\u00f3n regional<\/h2>\t\t\t\t<\/div>\n\t\t\t\t<\/div>\n\t\t\t\t\t<\/div>\n\t\t<\/div>\n\t\t\t\t\t<\/div>\n\t\t<\/section>\n\t\t\t\t<section class=\"elementor-section elementor-top-section elementor-element elementor-element-d635f28 elementor-section-boxed elementor-section-height-default elementor-section-height-default\" data-id=\"d635f28\" data-element_type=\"section\" data-e-type=\"section\">\n\t\t\t\t\t\t<div class=\"elementor-container elementor-column-gap-default\">\n\t\t\t\t\t<div class=\"elementor-column elementor-col-100 elementor-top-column elementor-element elementor-element-65c5670\" data-id=\"65c5670\" data-element_type=\"column\" data-e-type=\"column\">\n\t\t\t<div class=\"elementor-widget-wrap elementor-element-populated\">\n\t\t\t\t\t\t<div class=\"elementor-element elementor-element-48d58d9 elementor-widget elementor-widget-heading\" data-id=\"48d58d9\" data-element_type=\"widget\" data-e-type=\"widget\" data-widget_type=\"heading.default\">\n\t\t\t\t<div class=\"elementor-widget-container\">\n\t\t\t\t\t<h3 class=\"elementor-heading-title elementor-size-default\">Grupos de Pacientes de Enfermedades Raras en Am\u00e9rica Latina <\/h3>\t\t\t\t<\/div>\n\t\t\t\t<\/div>\n\t\t\t\t\t<\/div>\n\t\t<\/div>\n\t\t\t\t\t<\/div>\n\t\t<\/section>\n\t\t\t\t<section class=\"elementor-section elementor-top-section elementor-element elementor-element-b541226 elementor-section-boxed elementor-section-height-default elementor-section-height-default\" data-id=\"b541226\" data-element_type=\"section\" data-e-type=\"section\">\n\t\t\t\t\t\t<div class=\"elementor-container elementor-column-gap-default\">\n\t\t\t\t\t<div class=\"elementor-column elementor-col-100 elementor-top-column elementor-element elementor-element-553e63d\" data-id=\"553e63d\" data-element_type=\"column\" data-e-type=\"column\">\n\t\t\t<div class=\"elementor-widget-wrap elementor-element-populated\">\n\t\t\t\t\t\t<div class=\"elementor-element elementor-element-af4242f elementor-widget elementor-widget-text-editor\" data-id=\"af4242f\" data-element_type=\"widget\" data-e-type=\"widget\" data-widget_type=\"text-editor.default\">\n\t\t\t\t<div class=\"elementor-widget-container\">\n\t\t\t\t\t\t\t\t\t<p>Sao Paulo, 18 de Agosto, 2022<\/p>\t\t\t\t\t\t\t\t<\/div>\n\t\t\t\t<\/div>\n\t\t\t\t\t<\/div>\n\t\t<\/div>\n\t\t\t\t\t<\/div>\n\t\t<\/section>\n\t\t\t\t<section class=\"elementor-section elementor-top-section elementor-element elementor-element-1b0c023 elementor-section-boxed elementor-section-height-default elementor-section-height-default\" data-id=\"1b0c023\" data-element_type=\"section\" data-e-type=\"section\">\n\t\t\t\t\t\t<div class=\"elementor-container elementor-column-gap-default\">\n\t\t\t\t\t<div class=\"elementor-column elementor-col-50 elementor-top-column elementor-element elementor-element-097173a\" data-id=\"097173a\" data-element_type=\"column\" data-e-type=\"column\">\n\t\t\t<div class=\"elementor-widget-wrap elementor-element-populated\">\n\t\t\t\t\t\t<div class=\"elementor-element elementor-element-c0c8541 elementor-widget elementor-widget-text-editor\" data-id=\"c0c8541\" data-element_type=\"widget\" data-e-type=\"widget\" data-widget_type=\"text-editor.default\">\n\t\t\t\t<div class=\"elementor-widget-container\">\n\t\t\t\t\t\t\t\t\t<p><span style=\"font-weight: 400;\">El evento Reuni\u00f3n Regional Grupos de Pacientes de Enfermedades Raras en Am\u00e9rica Latina fue organizado por \"Enfermedades Raras del Caribe y Am\u00e9rica Latina\" (<\/span><b>ERCAL<\/b><span style=\"font-weight: 400;\">) en colaboraci\u00f3n con Illumina y la Americas Health Foundation (<\/span><b>AHF<\/b><span style=\"font-weight: 400;\">). El evento se llev\u00f3 a cabo el 18 de Agosto de 2022 en Sao Paulo, Brasil. Se cont\u00f3 con el apoyo de varios grupos de asociaciones de pacientes de toda la regi\u00f3n, como la <\/span><span style=\"font-weight: 400;\">Alianza Dominicana de Asociaciones de pacientes<\/span><span style=\"font-weight: 400;\"> (<\/span><b>ADAPA<\/b><span style=\"font-weight: 400;\">), aYOUdas Panam\u00e1, Enfermedades Raras Costa Rica, la Federa\u00e7\u00e3o Brasileira das Associa\u00e7\u00f5es de Doen\u00e7as Raras (<\/span><b>FEBRARARAS<\/b><span style=\"font-weight: 400;\">), Federaci\u00f3n Chilena de Enfermedades Raras (<\/span><b>FECHER<\/b><span style=\"font-weight: 400;\">), Federaci\u00f3n Colombiana de Enfermedades Raras (<\/span><b>FECOER<\/b><span style=\"font-weight: 400;\">), Federaci\u00f3n Peruana de Enfermedades Raras (<\/span><b>FEPER<\/b><span style=\"font-weight: 400;\">) and Organizaci\u00f3n Mexicana de Enfermedades Raras (<\/span><b>OMER<\/b><span style=\"font-weight: 400;\">) (via Zoom).<\/span><\/p><p><b>Lugar:<\/b><span style=\"font-weight: 400;\"> Machado de Assis Auditorium, Gran Estanplaza Berrini\u00a0<\/span><\/p>\t\t\t\t\t\t\t\t<\/div>\n\t\t\t\t<\/div>\n\t\t\t\t\t<\/div>\n\t\t<\/div>\n\t\t\t\t<div class=\"elementor-column elementor-col-50 elementor-top-column elementor-element elementor-element-568fa6d\" data-id=\"568fa6d\" data-element_type=\"column\" data-e-type=\"column\">\n\t\t\t<div class=\"elementor-widget-wrap elementor-element-populated\">\n\t\t\t\t\t\t<div class=\"elementor-element elementor-element-191d71c elementor-widget elementor-widget-text-editor\" data-id=\"191d71c\" data-element_type=\"widget\" data-e-type=\"widget\" data-widget_type=\"text-editor.default\">\n\t\t\t\t<div class=\"elementor-widget-container\">\n\t\t\t\t\t\t\t\t\t<p><b>Participantes: <\/b><span style=\"font-weight: 400;\">\u00a0<\/span><\/p><ul><li style=\"font-weight: 400;\" aria-level=\"1\"><span style=\"font-weight: 400;\">Federa\u00e7\u00e3o Brasileira das Associa\u00e7\u00f5es de Doen\u00e7as Raras (<\/span><b>FEBRARARAS<\/b><span style=\"font-weight: 400;\">) &#8211; Ariadne G. Dias, Director.\u00a0<\/span><\/li><li style=\"font-weight: 400;\" aria-level=\"1\"><span style=\"font-weight: 400;\">Federaci\u00f3n Chilena de Enfermedades Raras (<\/span><b>FECHER<\/b><span style=\"font-weight: 400;\">) &#8211; Alejandro Andrade, President.\u00a0<\/span><\/li><li style=\"font-weight: 400;\" aria-level=\"1\"><span style=\"font-weight: 400;\">Enfermedades Raras Costa Rica &#8211; Francini Romero, Association Leader.\u00a0\u00a0<\/span><\/li><li style=\"font-weight: 400;\" aria-level=\"1\"><span style=\"font-weight: 400;\">Federaci\u00f3n Colombiana de Enfermedades Raras (<\/span><b>FECOER<\/b><span style=\"font-weight: 400;\">) &#8211; Diego Fernando Gil Cardozo, Executive Director.\u00a0<\/span><\/li><li style=\"font-weight: 400;\" aria-level=\"1\"><span style=\"font-weight: 400;\">aYOUdas Panama &#8211; Vanessa Valencia, Social Work for aYOUdas Panama.\u00a0\u00a0<\/span><\/li><li style=\"font-weight: 400;\" aria-level=\"1\"><span style=\"font-weight: 400;\">Federaci\u00f3n Peruana de Enfermedades Raras (<\/span><b>FEPER<\/b><span style=\"font-weight: 400;\">) &#8211; Mar\u00eda Elena Almend\u00e1riz Veiga, Executive Director.\u00a0\u00a0<\/span><\/li><li style=\"font-weight: 400;\" aria-level=\"1\"><span style=\"font-weight: 400;\">Alianza Dominicana de Asociaciones de pacientes<\/span><span style=\"font-weight: 400;\"> (<\/span><b>ADAPA<\/b><span style=\"font-weight: 400;\">) &#8211; Roberto Rodriguez, Vice President.\u00a0\u00a0\u00a0<\/span><\/li><li style=\"font-weight: 400;\" aria-level=\"1\"><span style=\"font-weight: 400;\">Organizaci\u00f3n Mexicana de Enfermedades Raras (<\/span><b>OMER<\/b><span style=\"font-weight: 400;\">) &#8211; Jes\u00fas Navarro, President (via Zoom).\u00a0\u00a0<\/span><\/li><\/ul>\t\t\t\t\t\t\t\t<\/div>\n\t\t\t\t<\/div>\n\t\t\t\t\t<\/div>\n\t\t<\/div>\n\t\t\t\t\t<\/div>\n\t\t<\/section>\n\t\t\t\t<section class=\"elementor-section elementor-top-section elementor-element elementor-element-6d3e28d elementor-section-boxed elementor-section-height-default elementor-section-height-default\" data-id=\"6d3e28d\" data-element_type=\"section\" data-e-type=\"section\">\n\t\t\t\t\t\t<div class=\"elementor-container elementor-column-gap-default\">\n\t\t\t\t\t<div class=\"elementor-column elementor-col-100 elementor-top-column elementor-element elementor-element-5002556\" data-id=\"5002556\" data-element_type=\"column\" data-e-type=\"column\">\n\t\t\t<div class=\"elementor-widget-wrap elementor-element-populated\">\n\t\t\t\t\t\t<div class=\"elementor-element elementor-element-d167dc1 elementor-widget elementor-widget-gallery\" data-id=\"d167dc1\" data-element_type=\"widget\" data-e-type=\"widget\" data-settings=\"{&quot;lazyload&quot;:&quot;yes&quot;,&quot;gallery_layout&quot;:&quot;grid&quot;,&quot;columns&quot;:4,&quot;columns_tablet&quot;:2,&quot;columns_mobile&quot;:1,&quot;gap&quot;:{&quot;unit&quot;:&quot;px&quot;,&quot;size&quot;:10,&quot;sizes&quot;:[]},&quot;gap_tablet&quot;:{&quot;unit&quot;:&quot;px&quot;,&quot;size&quot;:10,&quot;sizes&quot;:[]},&quot;gap_mobile&quot;:{&quot;unit&quot;:&quot;px&quot;,&quot;size&quot;:10,&quot;sizes&quot;:[]},&quot;aspect_ratio&quot;:&quot;3:2&quot;,&quot;content_hover_animation&quot;:&quot;fade-in&quot;}\" data-widget_type=\"gallery.default\">\n\t\t\t\t<div class=\"elementor-widget-container\">\n\t\t\t\t\t\t\t<div class=\"elementor-gallery__container\">\n\t\t\t\t\t\t\t<div class=\"e-gallery-item elementor-gallery-item elementor-animated-content\">\n\t\t\t\t\t<div class=\"e-gallery-image elementor-gallery-item__image\" data-thumbnail=\"https:\/\/ercalgroup.org\/wp-content\/uploads\/2022\/09\/Imagen-1-300x225.png\" data-width=\"300\" data-height=\"225\" aria-label=\"\" role=\"img\" ><\/div>\n\t\t\t\t\t\t\t\t\t\t\t\t\t\t<\/div>\n\t\t\t\t\t\t\t<div class=\"e-gallery-item elementor-gallery-item elementor-animated-content\">\n\t\t\t\t\t<div class=\"e-gallery-image elementor-gallery-item__image\" data-thumbnail=\"https:\/\/ercalgroup.org\/wp-content\/uploads\/2022\/09\/Imagen-2.jpg\" data-width=\"240\" data-height=\"180\" aria-label=\"\" role=\"img\" ><\/div>\n\t\t\t\t\t\t\t\t\t\t\t\t\t\t<\/div>\n\t\t\t\t\t\t\t<div class=\"e-gallery-item elementor-gallery-item elementor-animated-content\">\n\t\t\t\t\t<div class=\"e-gallery-image elementor-gallery-item__image\" data-thumbnail=\"https:\/\/ercalgroup.org\/wp-content\/uploads\/2022\/09\/Imagen-3.jpg\" data-width=\"240\" data-height=\"180\" aria-label=\"\" role=\"img\" ><\/div>\n\t\t\t\t\t\t\t\t\t\t\t\t\t\t<\/div>\n\t\t\t\t\t\t\t<div class=\"e-gallery-item elementor-gallery-item elementor-animated-content\">\n\t\t\t\t\t<div class=\"e-gallery-image elementor-gallery-item__image\" data-thumbnail=\"https:\/\/ercalgroup.org\/wp-content\/uploads\/2022\/09\/Imagen-4-300x225.png\" data-width=\"300\" data-height=\"225\" aria-label=\"\" role=\"img\" ><\/div>\n\t\t\t\t\t\t\t\t\t\t\t\t\t\t<\/div>\n\t\t\t\t\t\t\t<div class=\"e-gallery-item elementor-gallery-item elementor-animated-content\">\n\t\t\t\t\t<div class=\"e-gallery-image elementor-gallery-item__image\" data-thumbnail=\"https:\/\/ercalgroup.org\/wp-content\/uploads\/2022\/09\/Imagen-5.jpg\" data-width=\"150\" data-height=\"200\" aria-label=\"\" role=\"img\" ><\/div>\n\t\t\t\t\t\t\t\t\t\t\t\t\t\t<\/div>\n\t\t\t\t\t\t\t<div class=\"e-gallery-item elementor-gallery-item elementor-animated-content\">\n\t\t\t\t\t<div class=\"e-gallery-image elementor-gallery-item__image\" data-thumbnail=\"https:\/\/ercalgroup.org\/wp-content\/uploads\/2022\/09\/Imagen-6.jpg\" data-width=\"151\" data-height=\"201\" aria-label=\"\" role=\"img\" ><\/div>\n\t\t\t\t\t\t\t\t\t\t\t\t\t\t<\/div>\n\t\t\t\t\t\t\t<div class=\"e-gallery-item elementor-gallery-item elementor-animated-content\">\n\t\t\t\t\t<div class=\"e-gallery-image elementor-gallery-item__image\" data-thumbnail=\"https:\/\/ercalgroup.org\/wp-content\/uploads\/2022\/09\/Imagen-7.jpg\" data-width=\"151\" data-height=\"201\" aria-label=\"\" role=\"img\" ><\/div>\n\t\t\t\t\t\t\t\t\t\t\t\t\t\t<\/div>\n\t\t\t\t\t<\/div>\n\t\t\t\t\t<\/div>\n\t\t\t\t<\/div>\n\t\t\t\t\t<\/div>\n\t\t<\/div>\n\t\t\t\t\t<\/div>\n\t\t<\/section>\n\t\t\t\t<section class=\"elementor-section elementor-top-section elementor-element elementor-element-7805710 elementor-section-boxed elementor-section-height-default elementor-section-height-default\" data-id=\"7805710\" data-element_type=\"section\" data-e-type=\"section\">\n\t\t\t\t\t\t<div class=\"elementor-container elementor-column-gap-default\">\n\t\t\t\t\t<div class=\"elementor-column elementor-col-100 elementor-top-column elementor-element elementor-element-fb39a59\" data-id=\"fb39a59\" data-element_type=\"column\" data-e-type=\"column\">\n\t\t\t<div class=\"elementor-widget-wrap elementor-element-populated\">\n\t\t\t\t\t\t<div class=\"elementor-element elementor-element-dbd4f58 elementor-widget-divider--view-line elementor-widget elementor-widget-divider\" data-id=\"dbd4f58\" data-element_type=\"widget\" data-e-type=\"widget\" data-widget_type=\"divider.default\">\n\t\t\t\t<div class=\"elementor-widget-container\">\n\t\t\t\t\t\t\t<div class=\"elementor-divider\">\n\t\t\t<span class=\"elementor-divider-separator\">\n\t\t\t\t\t\t<\/span>\n\t\t<\/div>\n\t\t\t\t\t\t<\/div>\n\t\t\t\t<\/div>\n\t\t\t\t\t<\/div>\n\t\t<\/div>\n\t\t\t\t\t<\/div>\n\t\t<\/section>\n\t\t\t\t<\/div>","protected":false},"excerpt":{"rendered":"<p>Regional Meeting Rare Disease\u2019s Patient Groups in Latin America Sao Paulo, August 18th, 2022 The event Regional Meeting Rare Disease Patient Groups in Latin America was organized by &#8220;Enfermedades Raras en el Caribe y Am\u00e9rica Latina&#8221; (ERCAL) in collaboration with Illumina, CZI and the Americas Health Foundation (AHF). The event took place on August 18, [&hellip;]<\/p>\n","protected":false},"author":1,"featured_media":0,"parent":0,"menu_order":0,"comment_status":"closed","ping_status":"closed","template":"","meta":{"site-sidebar-layout":"no-sidebar","site-content-layout":"page-builder","ast-site-content-layout":"default","site-content-style":"default","site-sidebar-style":"default","ast-global-header-display":"","ast-banner-title-visibility":"","ast-main-header-display":"","ast-hfb-above-header-display":"","ast-hfb-below-header-display":"","ast-hfb-mobile-header-display":"","site-post-title":"disabled","ast-breadcrumbs-content":"","ast-featured-img":"disabled","footer-sml-layout":"","ast-disable-related-posts":"","theme-transparent-header-meta":"default","adv-header-id-meta":"","stick-header-meta":"","header-above-stick-meta":"","header-main-stick-meta":"","header-below-stick-meta":"","astra-migrate-meta-layouts":"default","ast-page-background-enabled":"default","ast-page-background-meta":{"desktop":{"background-color":"var(--ast-global-color-4)","background-image":"","background-repeat":"repeat","background-position":"center center","background-size":"auto","background-attachment":"scroll","background-type":"","background-media":"","overlay-type":"","overlay-color":"","overlay-opacity":"","overlay-gradient":""},"tablet":{"background-color":"","background-image":"","background-repeat":"repeat","background-position":"center center","background-size":"auto","background-attachment":"scroll","background-type":"","background-media":"","overlay-type":"","overlay-color":"","overlay-opacity":"","overlay-gradient":""},"mobile":{"background-color":"","background-image":"","background-repeat":"repeat","background-position":"center center","background-size":"auto","background-attachment":"scroll","background-type":"","background-media":"","overlay-type":"","overlay-color":"","overlay-opacity":"","overlay-gradient":""}},"ast-content-background-meta":{"desktop":{"background-color":"var(--ast-global-color-5)","background-image":"","background-repeat":"repeat","background-position":"center center","background-size":"auto","background-attachment":"scroll","background-type":"","background-media":"","overlay-type":"","overlay-color":"","overlay-opacity":"","overlay-gradient":""},"tablet":{"background-color":"var(--ast-global-color-5)","background-image":"","background-repeat":"repeat","background-position":"center center","background-size":"auto","background-attachment":"scroll","background-type":"","background-media":"","overlay-type":"","overlay-color":"","overlay-opacity":"","overlay-gradient":""},"mobile":{"background-color":"var(--ast-global-color-5)","background-image":"","background-repeat":"repeat","background-position":"center center","background-size":"auto","background-attachment":"scroll","background-type":"","background-media":"","overlay-type":"","overlay-color":"","overlay-opacity":"","overlay-gradient":""}},"footnotes":""},"class_list":["post-1199","page","type-page","status-publish","hentry"],"_links":{"self":[{"href":"https:\/\/ercalgroup.org\/es\/wp-json\/wp\/v2\/pages\/1199","targetHints":{"allow":["GET"]}}],"collection":[{"href":"https:\/\/ercalgroup.org\/es\/wp-json\/wp\/v2\/pages"}],"about":[{"href":"https:\/\/ercalgroup.org\/es\/wp-json\/wp\/v2\/types\/page"}],"author":[{"embeddable":true,"href":"https:\/\/ercalgroup.org\/es\/wp-json\/wp\/v2\/users\/1"}],"replies":[{"embeddable":true,"href":"https:\/\/ercalgroup.org\/es\/wp-json\/wp\/v2\/comments?post=1199"}],"version-history":[{"count":0,"href":"https:\/\/ercalgroup.org\/es\/wp-json\/wp\/v2\/pages\/1199\/revisions"}],"wp:attachment":[{"href":"https:\/\/ercalgroup.org\/es\/wp-json\/wp\/v2\/media?parent=1199"}],"curies":[{"name":"wp","href":"https:\/\/api.w.org\/{rel}","templated":true}]}}