{"id":29,"date":"2022-01-27T17:03:49","date_gmt":"2022-01-27T17:03:49","guid":{"rendered":"https:\/\/ercalgroup.org\/?page_id=29"},"modified":"2022-09-12T20:49:09","modified_gmt":"2022-09-12T20:49:09","slug":"grants","status":"publish","type":"page","link":"https:\/\/ercalgroup.org\/es\/grants\/","title":{"rendered":"PATROCINIOS"},"content":{"rendered":"<div data-elementor-type=\"wp-page\" data-elementor-id=\"29\" class=\"elementor elementor-29\" data-elementor-post-type=\"page\">\n\t\t\t\t\t\t<section class=\"elementor-section elementor-top-section elementor-element elementor-element-4ff1423 elementor-section-full_width elementor-section-height-default elementor-section-height-default\" data-id=\"4ff1423\" data-element_type=\"section\" data-e-type=\"section\">\n\t\t\t\t\t\t<div class=\"elementor-container elementor-column-gap-no\">\n\t\t\t\t\t<div class=\"elementor-column elementor-col-100 elementor-top-column elementor-element elementor-element-b69a851\" data-id=\"b69a851\" data-element_type=\"column\" data-e-type=\"column\">\n\t\t\t<div class=\"elementor-widget-wrap elementor-element-populated\">\n\t\t\t\t\t\t<div class=\"elementor-element elementor-element-3955818 elementor-widget elementor-widget-image\" data-id=\"3955818\" data-element_type=\"widget\" data-e-type=\"widget\" data-widget_type=\"image.default\">\n\t\t\t\t<div class=\"elementor-widget-container\">\n\t\t\t\t\t\t\t\t\t\t\t\t\t\t\t<img fetchpriority=\"high\" decoding=\"async\" width=\"1920\" height=\"910\" src=\"https:\/\/ercalgroup.org\/wp-content\/uploads\/2022\/01\/ninos-felices.jpg\" class=\"attachment-full size-full wp-image-560\" alt=\"\" srcset=\"https:\/\/ercalgroup.org\/wp-content\/uploads\/2022\/01\/ninos-felices.jpg 1920w, https:\/\/ercalgroup.org\/wp-content\/uploads\/2022\/01\/ninos-felices-300x142.jpg 300w, https:\/\/ercalgroup.org\/wp-content\/uploads\/2022\/01\/ninos-felices-1024x485.jpg 1024w, https:\/\/ercalgroup.org\/wp-content\/uploads\/2022\/01\/ninos-felices-768x364.jpg 768w, https:\/\/ercalgroup.org\/wp-content\/uploads\/2022\/01\/ninos-felices-1536x728.jpg 1536w\" sizes=\"(max-width: 1920px) 100vw, 1920px\" \/>\t\t\t\t\t\t\t\t\t\t\t\t\t\t\t<\/div>\n\t\t\t\t<\/div>\n\t\t\t\t\t<\/div>\n\t\t<\/div>\n\t\t\t\t\t<\/div>\n\t\t<\/section>\n\t\t\t\t<section class=\"elementor-section elementor-top-section elementor-element elementor-element-2cb10ee elementor-section-full_width elementor-section-height-default elementor-section-height-default\" data-id=\"2cb10ee\" data-element_type=\"section\" data-e-type=\"section\" data-settings=\"{&quot;background_background&quot;:&quot;classic&quot;}\">\n\t\t\t\t\t\t<div class=\"elementor-container elementor-column-gap-no\">\n\t\t\t\t\t<div class=\"elementor-column elementor-col-100 elementor-top-column elementor-element elementor-element-81a9b17\" data-id=\"81a9b17\" data-element_type=\"column\" data-e-type=\"column\">\n\t\t\t<div class=\"elementor-widget-wrap elementor-element-populated\">\n\t\t\t\t\t\t<div class=\"elementor-element elementor-element-24b3391 elementor-widget elementor-widget-heading\" data-id=\"24b3391\" data-element_type=\"widget\" data-e-type=\"widget\" data-widget_type=\"heading.default\">\n\t\t\t\t<div class=\"elementor-widget-container\">\n\t\t\t\t\t<h2 class=\"elementor-heading-title elementor-size-default\">PATROCINIOS<\/h2>\t\t\t\t<\/div>\n\t\t\t\t<\/div>\n\t\t\t\t\t<\/div>\n\t\t<\/div>\n\t\t\t\t\t<\/div>\n\t\t<\/section>\n\t\t\t\t<section class=\"elementor-section elementor-top-section elementor-element elementor-element-42d0f34 elementor-section-boxed elementor-section-height-default elementor-section-height-default\" data-id=\"42d0f34\" data-element_type=\"section\" data-e-type=\"section\">\n\t\t\t\t\t\t<div class=\"elementor-container elementor-column-gap-default\">\n\t\t\t\t\t<div class=\"elementor-column elementor-col-50 elementor-top-column elementor-element elementor-element-7a50c20\" data-id=\"7a50c20\" data-element_type=\"column\" data-e-type=\"column\">\n\t\t\t<div class=\"elementor-widget-wrap elementor-element-populated\">\n\t\t\t\t\t\t<div class=\"elementor-element elementor-element-d9b113a elementor-widget elementor-widget-text-editor\" data-id=\"d9b113a\" data-element_type=\"widget\" data-e-type=\"widget\" data-widget_type=\"text-editor.default\">\n\t\t\t\t<div class=\"elementor-widget-container\">\n\t\t\t\t\t\t\t\t\t<p>CZI \u2013 ERCAL se enorgullece de haber recibido el patrocinio de la Chan Zuckerberg Initiative (CZI) para apoyar el proyecto de Enfermedades Raras en el Caribe y Am\u00e9rica Latina (ERCAL). La misi\u00f3n de esta iniciativa es cerrar la brecha de las Enfermedades Raras en Am\u00e9rica Latina y el Caribe. El tema ser\u00e1 \"EL DESPERTAR DE LAS ENFERMEDADES RARAS EN AM\u00c9RICA LATINA\".<\/p>\t\t\t\t\t\t\t\t<\/div>\n\t\t\t\t<\/div>\n\t\t\t\t\t<\/div>\n\t\t<\/div>\n\t\t\t\t<div class=\"elementor-column elementor-col-50 elementor-top-column elementor-element elementor-element-a058a13\" data-id=\"a058a13\" data-element_type=\"column\" data-e-type=\"column\">\n\t\t\t<div class=\"elementor-widget-wrap elementor-element-populated\">\n\t\t\t\t\t\t<div class=\"elementor-element elementor-element-854c147 elementor-widget elementor-widget-image-gallery\" data-id=\"854c147\" data-element_type=\"widget\" data-e-type=\"widget\" data-widget_type=\"image-gallery.default\">\n\t\t\t\t<div class=\"elementor-widget-container\">\n\t\t\t\t\t\t\t<div class=\"elementor-image-gallery\">\n\t\t\t<div id='gallery-1' class='gallery galleryid-29 gallery-columns-1 gallery-size-medium'><figure class='gallery-item'>\n\t\t\t<div class='gallery-icon landscape'>\n\t\t\t\t<img decoding=\"async\" width=\"300\" height=\"150\" src=\"https:\/\/ercalgroup.org\/wp-content\/uploads\/2022\/09\/Recurso-1chan-300x150.jpg\" class=\"attachment-medium size-medium\" alt=\"\" srcset=\"https:\/\/ercalgroup.org\/wp-content\/uploads\/2022\/09\/Recurso-1chan-300x150.jpg 300w, https:\/\/ercalgroup.org\/wp-content\/uploads\/2022\/09\/Recurso-1chan-18x9.jpg 18w, https:\/\/ercalgroup.org\/wp-content\/uploads\/2022\/09\/Recurso-1chan.jpg 600w\" sizes=\"(max-width: 300px) 100vw, 300px\" \/>\n\t\t\t<\/div><\/figure><figure class='gallery-item'>\n\t\t\t<div class='gallery-icon landscape'>\n\t\t\t\t<img decoding=\"async\" width=\"300\" height=\"150\" src=\"https:\/\/ercalgroup.org\/wp-content\/uploads\/2022\/09\/logo-horizon-300x150.jpg\" class=\"attachment-medium size-medium\" alt=\"\" srcset=\"https:\/\/ercalgroup.org\/wp-content\/uploads\/2022\/09\/logo-horizon-300x150.jpg 300w, https:\/\/ercalgroup.org\/wp-content\/uploads\/2022\/09\/logo-horizon-18x9.jpg 18w, https:\/\/ercalgroup.org\/wp-content\/uploads\/2022\/09\/logo-horizon.jpg 600w\" sizes=\"(max-width: 300px) 100vw, 300px\" \/>\n\t\t\t<\/div><\/figure><figure class='gallery-item'>\n\t\t\t<div class='gallery-icon landscape'>\n\t\t\t\t<img loading=\"lazy\" decoding=\"async\" width=\"300\" height=\"150\" src=\"https:\/\/ercalgroup.org\/wp-content\/uploads\/2022\/09\/illumina-fundation-300x150.png\" class=\"attachment-medium size-medium\" alt=\"\" srcset=\"https:\/\/ercalgroup.org\/wp-content\/uploads\/2022\/09\/illumina-fundation-300x150.png 300w, https:\/\/ercalgroup.org\/wp-content\/uploads\/2022\/09\/illumina-fundation-18x9.png 18w, https:\/\/ercalgroup.org\/wp-content\/uploads\/2022\/09\/illumina-fundation.png 600w\" sizes=\"(max-width: 300px) 100vw, 300px\" \/>\n\t\t\t<\/div><\/figure>\n\t\t<\/div>\n\t\t<\/div>\n\t\t\t\t\t\t<\/div>\n\t\t\t\t<\/div>\n\t\t\t\t\t<\/div>\n\t\t<\/div>\n\t\t\t\t\t<\/div>\n\t\t<\/section>\n\t\t\t\t<\/div>","protected":false},"excerpt":{"rendered":"<p>grants The ERCAL group and The Americas Health Foundation (AHF) are proud to have been awarded a grant from the Chan Zuckerberg Initiative to support Enfermedades Raras en el Caribe y America Latina (ERCAL). The mission of this initiative is to help bridge the gap in the care of rare diseases in Latin America and [&hellip;]<\/p>\n","protected":false},"author":1,"featured_media":0,"parent":0,"menu_order":0,"comment_status":"closed","ping_status":"closed","template":"","meta":{"site-sidebar-layout":"no-sidebar","site-content-layout":"page-builder","ast-site-content-layout":"default","site-content-style":"default","site-sidebar-style":"default","ast-global-header-display":"","ast-banner-title-visibility":"","ast-main-header-display":"","ast-hfb-above-header-display":"","ast-hfb-below-header-display":"","ast-hfb-mobile-header-display":"","site-post-title":"disabled","ast-breadcrumbs-content":"","ast-featured-img":"disabled","footer-sml-layout":"","ast-disable-related-posts":"","theme-transparent-header-meta":"","adv-header-id-meta":"","stick-header-meta":"","header-above-stick-meta":"","header-main-stick-meta":"","header-below-stick-meta":"","astra-migrate-meta-layouts":"default","ast-page-background-enabled":"default","ast-page-background-meta":{"desktop":{"background-color":"var(--ast-global-color-4)","background-image":"","background-repeat":"repeat","background-position":"center center","background-size":"auto","background-attachment":"scroll","background-type":"","background-media":"","overlay-type":"","overlay-color":"","overlay-opacity":"","overlay-gradient":""},"tablet":{"background-color":"","background-image":"","background-repeat":"repeat","background-position":"center center","background-size":"auto","background-attachment":"scroll","background-type":"","background-media":"","overlay-type":"","overlay-color":"","overlay-opacity":"","overlay-gradient":""},"mobile":{"background-color":"","background-image":"","background-repeat":"repeat","background-position":"center center","background-size":"auto","background-attachment":"scroll","background-type":"","background-media":"","overlay-type":"","overlay-color":"","overlay-opacity":"","overlay-gradient":""}},"ast-content-background-meta":{"desktop":{"background-color":"var(--ast-global-color-5)","background-image":"","background-repeat":"repeat","background-position":"center center","background-size":"auto","background-attachment":"scroll","background-type":"","background-media":"","overlay-type":"","overlay-color":"","overlay-opacity":"","overlay-gradient":""},"tablet":{"background-color":"var(--ast-global-color-5)","background-image":"","background-repeat":"repeat","background-position":"center center","background-size":"auto","background-attachment":"scroll","background-type":"","background-media":"","overlay-type":"","overlay-color":"","overlay-opacity":"","overlay-gradient":""},"mobile":{"background-color":"var(--ast-global-color-5)","background-image":"","background-repeat":"repeat","background-position":"center center","background-size":"auto","background-attachment":"scroll","background-type":"","background-media":"","overlay-type":"","overlay-color":"","overlay-opacity":"","overlay-gradient":""}},"footnotes":""},"class_list":["post-29","page","type-page","status-publish","hentry"],"_links":{"self":[{"href":"https:\/\/ercalgroup.org\/es\/wp-json\/wp\/v2\/pages\/29","targetHints":{"allow":["GET"]}}],"collection":[{"href":"https:\/\/ercalgroup.org\/es\/wp-json\/wp\/v2\/pages"}],"about":[{"href":"https:\/\/ercalgroup.org\/es\/wp-json\/wp\/v2\/types\/page"}],"author":[{"embeddable":true,"href":"https:\/\/ercalgroup.org\/es\/wp-json\/wp\/v2\/users\/1"}],"replies":[{"embeddable":true,"href":"https:\/\/ercalgroup.org\/es\/wp-json\/wp\/v2\/comments?post=29"}],"version-history":[{"count":0,"href":"https:\/\/ercalgroup.org\/es\/wp-json\/wp\/v2\/pages\/29\/revisions"}],"wp:attachment":[{"href":"https:\/\/ercalgroup.org\/es\/wp-json\/wp\/v2\/media?parent=29"}],"curies":[{"name":"wp","href":"https:\/\/api.w.org\/{rel}","templated":true}]}}